{"id":1080,"date":"2021-12-01T12:58:30","date_gmt":"2021-12-01T12:58:30","guid":{"rendered":"https:\/\/arb.com.tr\/?page_id=1080"},"modified":"2021-12-01T13:11:26","modified_gmt":"2021-12-01T13:11:26","slug":"blog","status":"publish","type":"page","link":"https:\/\/arb.com.tr\/?page_id=1080","title":{"rendered":"Blog"},"content":{"rendered":"\t\t<div data-elementor-type=\"wp-page\" data-elementor-id=\"1080\" class=\"elementor elementor-1080\" data-elementor-settings=\"[]\">\n\t\t\t\t\t\t<div class=\"elementor-inner\">\n\t\t\t\t\t\t\t<div class=\"elementor-section-wrap\">\n\t\t\t\t\t\t\t<section class=\"elementor-section elementor-top-section elementor-element elementor-element-12ee502 elementor-section-boxed elementor-section-height-default elementor-section-height-default\" data-id=\"12ee502\" data-element_type=\"section\">\n\t\t\t\t\t\t<div class=\"elementor-container elementor-column-gap-default\">\n\t\t\t\t\t\t\t<div class=\"elementor-row\">\n\t\t\t\t\t<div class=\"aux-parallax-section elementor-column elementor-col-100 elementor-top-column elementor-element elementor-element-0d85ebb\" data-id=\"0d85ebb\" data-element_type=\"column\">\n\t\t\t<div class=\"elementor-column-wrap elementor-element-populated\">\n\t\t\t\t\t\t\t<div class=\"elementor-widget-wrap\">\n\t\t\t\t\t\t\t\t<\/div>\n\t\t\t\t\t<\/div>\n\t\t<\/div>\n\t\t\t\t\t\t\t\t<\/div>\n\t\t\t\t\t<\/div>\n\t\t<\/section>\n\t\t\t\t<section class=\"elementor-section elementor-top-section elementor-element elementor-element-0b82ee8 elementor-section-boxed elementor-section-height-default elementor-section-height-default\" data-id=\"0b82ee8\" data-element_type=\"section\">\n\t\t\t\t\t\t<div class=\"elementor-container elementor-column-gap-default\">\n\t\t\t\t\t\t\t<div class=\"elementor-row\">\n\t\t\t\t\t<div class=\"aux-parallax-section elementor-column elementor-col-100 elementor-top-column elementor-element elementor-element-0c41467\" data-id=\"0c41467\" data-element_type=\"column\">\n\t\t\t<div class=\"elementor-column-wrap elementor-element-populated\">\n\t\t\t\t\t\t\t<div class=\"elementor-widget-wrap\">\n\t\t\t\t\t\t<div class=\"elementor-element elementor-element-174d162 elementor-widget elementor-widget-aux_recent_posts\" data-id=\"174d162\" data-element_type=\"widget\" data-settings=\"{&quot;columns&quot;:&quot;4&quot;,&quot;columns_tablet&quot;:&quot;inherit&quot;,&quot;columns_mobile&quot;:&quot;1&quot;}\" data-widget_type=\"aux_recent_posts.default\">\n\t\t\t\t<div class=\"elementor-widget-container\">\n\t\t\t<script>auxinNS(\"auxin.content.loadmore.au93384b06\"); auxin.content.loadmore.au93384b06={\"nonce\":\"178846d797\",\"args\":{\"title\":\"\",\"subtitle\":\"\",\"cat\":[\" \"],\"num\":\"8\",\"only_posts__in\":\"\",\"include\":\"\",\"exclude\":\"\",\"offset\":\"\",\"paged\":\"\",\"post_type\":\"post\",\"taxonomy_name\":\"category\",\"order_by\":\"date\",\"order\":\"DESC\",\"exclude_without_media\":\"no\",\"exclude_custom_post_formats\":\"no\",\"exclude_quote_link\":null,\"include_post_formats_in\":\"\",\"exclude_post_formats_in\":[],\"size\":\"\",\"display_title\":\"yes\",\"words_num\":\"\",\"show_media\":\"yes\",\"display_like\":\"\",\"display_comments\":\"\",\"display_categories\":null,\"show_badge\":\"no\",\"content_layout\":\"entry-boxed\",\"excerpt_len\":\"160\",\"show_excerpt\":\"yes\",\"show_content\":\"yes\",\"show_info\":\"\",\"show_format_icon\":\"no\",\"show_date\":null,\"ignore_formats\":\"no\",\"post_info_position\":null,\"author_or_readmore\":\"readmore\",\"image_aspect_ratio\":\"0.75\",\"meta_info_position\":\"after-content\",\"desktop_cnum\":\"4\",\"tablet_cnum\":\"inherit\",\"phone_cnum\":\"1\",\"preview_mode\":\"grid\",\"grid_table_hover\":\"bgimage-bgcolor\",\"tag\":\"\",\"display_author_footer\":null,\"display_author_header\":\"\",\"preloadable\":\"no\",\"preload_preview\":null,\"preload_bgcolor\":null,\"extra_classes\":\"\",\"extra_column_classes\":\"\",\"custom_el_id\":\"\",\"carousel_space\":null,\"carousel_autoplay\":null,\"carousel_autoplay_delay\":null,\"carousel_navigation\":null,\"carousel_navigation_control\":null,\"carousel_nav_control_pos\":null,\"carousel_nav_control_skin\":null,\"carousel_loop\":null,\"request_from\":\"\",\"template_part_file\":\"theme-parts\\\/entry\\\/post-column\",\"extra_template_path\":\"\",\"universal_id\":\"au93384b06\",\"reset_query\":true,\"wp_query_args\":[],\"custom_wp_query\":\"\",\"loadmore_type\":\"next\",\"loadmore_per_page\":\"8\",\"content\":null,\"skip_wrappers\":true,\"content_width\":1600,\"inview_transition\":\"none\",\"inview_duration\":\"\",\"inview_delay\":\"\",\"inview_repeat\":\"no\",\"inview_offset\":\"\",\"called_from\":\"\"},\"handler\":\"aux_recent_posts\",\"per_page\":\"8\"};<\/script><section class=\"widget-container aux-ajax-type-next aux-widget-recent-posts aux-parent-au93384b06\" style=\"\" ><div data-element-id=\"au93384b06\" class=\"aux-match-height aux-row aux-de-col4 aux-tb-col4 aux-mb-col1 aux-total-1 aux-entry-boxed aux-ajax-view  \" ><div class=\"aux-col aux-ajax-item post-1067\">\n                        <article class=\"post column-entry post-1067 type-post status-publish format-standard hentry category-genel\">\n                                                        <div class=\"entry-media\"><div class=\"aux-media-frame aux-media-image aux-image-mask\"><a href=\"https:\/\/arb.com.tr\/?p=1067\"><img loading=\"lazy\" width=\"768\" height=\"768\" src=\"https:\/\/arb.com.tr\/wp-content\/uploads\/2021\/12\/1635929005483-768x768.png\" alt=\"1635929005483\" srcset=\"https:\/\/arb.com.tr\/wp-content\/uploads\/2021\/12\/1635929005483-150x150.png 150w,https:\/\/arb.com.tr\/wp-content\/uploads\/2021\/12\/1635929005483-300x300.png 300w,https:\/\/arb.com.tr\/wp-content\/uploads\/2021\/12\/1635929005483-768x768.png 768w,https:\/\/arb.com.tr\/wp-content\/uploads\/2021\/12\/1635929005483-1024x1024.png 1024w,https:\/\/arb.com.tr\/wp-content\/uploads\/2021\/12\/1635929005483-768x768.png 768w\" data-ratio=\"1\" data-original-w=\"1200\" sizes=\"(max-width:479px) 480px,(max-width:767px) 768px,(max-width:1023px) 1024px,768px\" \/><\/a><\/div><\/div>\n                            \n                            <div class=\"entry-main\">\n                                                        \n                                <header class=\"entry-header\">\n                                \n                                    <h4 class=\"entry-title\">\n                                        <a href=\"https:\/\/arb.com.tr\/?p=1067\">\n                                            Ye\u015fil Devrim Kap\u0131da                                        <\/a>\n                                    <\/h4>\n                                                                    <div class=\"entry-format\">\n                                        <a href=\"https:\/\/arb.com.tr\/?p=1067\">\n                                            <div class=\"post-format format-\"> <\/div>\n                                        <\/a>\n                                    <\/div>\n                                <\/header>\n                            \n                                                            <div class=\"entry-content\">\n                                                                            <p>\n                        \n\t\t\n\t\t\t\n            Ye\u015fil Devrim Kap\u0131daD\u00fcnya bir d\u00f6n\u00fc\u015f\u00fcmden ge\u00e7iyor. Covid de bunun bir tetikleyicisi oldu. Bu vir\u00fcs kendi ya\u015fam ortam\u0131 ...<\/p><div class=\"clear\"><\/div>                                <\/div>\n                                                                                        <footer class=\"entry-meta aux-after-content\">\n                                                                        <div class=\"readmore\">\n                                        <a href=\"https:\/\/arb.com.tr\/?p=1067\" class=\"aux-read-more\"><span class=\"aux-read-more-text\">Daha Fazla<\/span><\/a>\n                                    <\/div>\n                                                                    <\/footer>\n                            \n                            <\/div>\n\n                        <\/article>\n<\/div><\/div><\/section><!-- widget-container -->\t\t<\/div>\n\t\t\t\t<\/div>\n\t\t\t\t\t\t<\/div>\n\t\t\t\t\t<\/div>\n\t\t<\/div>\n\t\t\t\t\t\t\t\t<\/div>\n\t\t\t\t\t<\/div>\n\t\t<\/section>\n\t\t\t\t<section class=\"elementor-section elementor-top-section elementor-element elementor-element-4d3d593 elementor-section-boxed elementor-section-height-default elementor-section-height-default\" data-id=\"4d3d593\" data-element_type=\"section\">\n\t\t\t\t\t\t<div class=\"elementor-container elementor-column-gap-default\">\n\t\t\t\t\t\t\t<div class=\"elementor-row\">\n\t\t\t\t\t<div class=\"aux-parallax-section elementor-column elementor-col-100 elementor-top-column elementor-element elementor-element-8a4f963\" data-id=\"8a4f963\" data-element_type=\"column\">\n\t\t\t<div class=\"elementor-column-wrap elementor-element-populated\">\n\t\t\t\t\t\t\t<div class=\"elementor-widget-wrap\">\n\t\t\t\t\t\t\t\t<\/div>\n\t\t\t\t\t<\/div>\n\t\t<\/div>\n\t\t\t\t\t\t\t\t<\/div>\n\t\t\t\t\t<\/div>\n\t\t<\/section>\n\t\t\t\t<section class=\"elementor-section elementor-top-section elementor-element elementor-element-d4a030b elementor-section-boxed elementor-section-height-default elementor-section-height-default\" data-id=\"d4a030b\" data-element_type=\"section\">\n\t\t\t\t\t\t<div class=\"elementor-container elementor-column-gap-default\">\n\t\t\t\t\t\t\t<div class=\"elementor-row\">\n\t\t\t\t\t<div class=\"aux-parallax-section elementor-column elementor-col-100 elementor-top-column elementor-element elementor-element-68950ad\" data-id=\"68950ad\" data-element_type=\"column\">\n\t\t\t<div class=\"elementor-column-wrap elementor-element-populated\">\n\t\t\t\t\t\t\t<div class=\"elementor-widget-wrap\">\n\t\t\t\t\t\t\t\t<\/div>\n\t\t\t\t\t<\/div>\n\t\t<\/div>\n\t\t\t\t\t\t\t\t<\/div>\n\t\t\t\t\t<\/div>\n\t\t<\/section>\n\t\t\t\t<section class=\"elementor-section elementor-top-section elementor-element elementor-element-2fdc255 elementor-section-boxed elementor-section-height-default elementor-section-height-default\" data-id=\"2fdc255\" data-element_type=\"section\">\n\t\t\t\t\t\t<div class=\"elementor-container elementor-column-gap-default\">\n\t\t\t\t\t\t\t<div class=\"elementor-row\">\n\t\t\t\t\t<div class=\"aux-parallax-section elementor-column elementor-col-100 elementor-top-column elementor-element elementor-element-0e39fd9\" data-id=\"0e39fd9\" data-element_type=\"column\">\n\t\t\t<div class=\"elementor-column-wrap elementor-element-populated\">\n\t\t\t\t\t\t\t<div class=\"elementor-widget-wrap\">\n\t\t\t\t\t\t\t\t<\/div>\n\t\t\t\t\t<\/div>\n\t\t<\/div>\n\t\t\t\t\t\t\t\t<\/div>\n\t\t\t\t\t<\/div>\n\t\t<\/section>\n\t\t\t\t\t\t<\/div>\n\t\t\t\t\t\t<\/div>\n\t\t\t\t\t<\/div>\n\t\t","protected":false},"excerpt":{"rendered":"<p>Ye\u015fil Devrim Kap\u0131da Ye\u015fil Devrim Kap\u0131daD\u00fcnya bir d\u00f6n\u00fc\u015f\u00fcmden ge\u00e7iyor. Covid de bunun bir tetikleyicisi oldu. Bu vir\u00fcs kendi ya\u015fam ortam\u0131 &#8230; Daha Fazla Mavi Devrim Kap\u0131da Ye\u015fil Devrim Kap\u0131daD\u00fcnya bir d\u00f6n\u00fc\u015f\u00fcmden ge\u00e7iyor. Covid de bunun bir tetikleyicisi oldu. Bu vir\u00fcs kendi ya\u015fam ortam\u0131ndan koparak geldi. Kendi ya\u015fam &#8230; Daha Fazla<\/p>\n","protected":false},"author":1,"featured_media":0,"parent":0,"menu_order":0,"comment_status":"closed","ping_status":"closed","template":"elementor_theme","meta":[],"_links":{"self":[{"href":"https:\/\/arb.com.tr\/index.php?rest_route=\/wp\/v2\/pages\/1080"}],"collection":[{"href":"https:\/\/arb.com.tr\/index.php?rest_route=\/wp\/v2\/pages"}],"about":[{"href":"https:\/\/arb.com.tr\/index.php?rest_route=\/wp\/v2\/types\/page"}],"author":[{"embeddable":true,"href":"https:\/\/arb.com.tr\/index.php?rest_route=\/wp\/v2\/users\/1"}],"replies":[{"embeddable":true,"href":"https:\/\/arb.com.tr\/index.php?rest_route=%2Fwp%2Fv2%2Fcomments&post=1080"}],"version-history":[{"count":25,"href":"https:\/\/arb.com.tr\/index.php?rest_route=\/wp\/v2\/pages\/1080\/revisions"}],"predecessor-version":[{"id":1111,"href":"https:\/\/arb.com.tr\/index.php?rest_route=\/wp\/v2\/pages\/1080\/revisions\/1111"}],"wp:attachment":[{"href":"https:\/\/arb.com.tr\/index.php?rest_route=%2Fwp%2Fv2%2Fmedia&parent=1080"}],"curies":[{"name":"wp","href":"https:\/\/api.w.org\/{rel}","templated":true}]}}